{"id":778,"date":"2025-05-27T11:14:48","date_gmt":"2025-05-27T14:14:48","guid":{"rendered":"https:\/\/cobracobrancas.com.br\/?page_id=778"},"modified":"2025-06-25T13:38:50","modified_gmt":"2025-06-25T16:38:50","slug":"lgpd","status":"publish","type":"page","link":"https:\/\/cobracobrancas.com.br\/?page_id=778","title":{"rendered":"LGPD"},"content":{"rendered":"<p>[et_pb_section fb_built=&#8221;1&#8243; admin_label=&#8221;Page Title Section&#8221; _builder_version=&#8221;4.12.1&#8243; use_background_color_gradient=&#8221;on&#8221; background_color_gradient_start=&#8221;#061a35&#8243; background_color_gradient_end=&#8221;#1a222b&#8221; background_color_gradient_direction=&#8221;100deg&#8221; background_image=&#8221;https:\/\/cobracobrancas.com.br\/wp-content\/uploads\/2025\/05\/section-bg-heptagon-rig544ht32-154545-copia.png&#8221; custom_padding=&#8221;100px||100px|&#8221; global_colors_info=&#8221;{}&#8221;][et_pb_row admin_label=&#8221;Page Title Area&#8221; _builder_version=&#8221;3.25&#8243; global_colors_info=&#8221;{}&#8221;][et_pb_column type=&#8221;4_4&#8243; _builder_version=&#8221;3.25&#8243; custom_padding=&#8221;|||&#8221; global_colors_info=&#8221;{}&#8221; custom_padding__hover=&#8221;|||&#8221;][et_pb_text admin_label=&#8221;Title&#8221; _builder_version=&#8221;4.12.1&#8243; text_font=&#8221;Poppins||||||||&#8221; text_font_size=&#8221;18px&#8221; text_line_height=&#8221;1.8em&#8221; header_font=&#8221;Poppins|600|||||||&#8221; header_font_size=&#8221;48px&#8221; header_line_height=&#8221;1.4em&#8221; header_2_font=&#8221;||||||||&#8221; text_orientation=&#8221;center&#8221; background_layout=&#8221;dark&#8221; max_width=&#8221;700px&#8221; module_alignment=&#8221;center&#8221; custom_margin=&#8221;|||&#8221; animation_style=&#8221;fade&#8221; global_colors_info=&#8221;{}&#8221;]<\/p>\n<h1>Pol\u00edtica de Privacidade e Prote\u00e7\u00e3o de Dados (LGPD)<\/h1>\n<p>[\/et_pb_text][\/et_pb_column][\/et_pb_row][\/et_pb_section][et_pb_section fb_built=&#8221;1&#8243; admin_label=&#8221;About Us Section&#8221; _builder_version=&#8221;3.22&#8243; background_size=&#8221;initial&#8221; background_position=&#8221;bottom_left&#8221; custom_padding=&#8221;90px||90px|&#8221; global_colors_info=&#8221;{}&#8221;][et_pb_row admin_label=&#8221;About Us Area&#8221; _builder_version=&#8221;4.12.1&#8243; global_colors_info=&#8221;{}&#8221;][et_pb_column type=&#8221;4_4&#8243; _builder_version=&#8221;3.25&#8243; custom_padding=&#8221;|||&#8221; global_colors_info=&#8221;{}&#8221; custom_padding__hover=&#8221;|||&#8221;][et_pb_text _builder_version=&#8221;4.12.1&#8243; text_font=&#8221;Poppins||||||||&#8221; text_line_height=&#8221;1.8em&#8221; global_colors_info=&#8221;{}&#8221;]<\/p>\n<p><strong>Pol\u00edtica de Privacidade e Prote\u00e7\u00e3o de Dados (LGPD)<\/strong><\/p>\n<p>A Cobra Cobran\u00e7a preza pela privacidade, seguran\u00e7a e transpar\u00eancia no tratamento de dados pessoais. Por isso, estamos comprometidos com a Lei n\u00ba 13.709\/2018 \u2013 Lei Geral de Prote\u00e7\u00e3o de Dados Pessoais (LGPD), assegurando que seus dados sejam utilizados de forma respons\u00e1vel e \u00e9tica.<\/p>\n<p>1. Coleta de Dados<br \/>Coletamos apenas os dados estritamente necess\u00e1rios para a presta\u00e7\u00e3o de nossos servi\u00e7os de cobran\u00e7a, tais como: nome, CPF ou CNPJ, telefone, e-mail, endere\u00e7o, e informa\u00e7\u00f5es sobre a d\u00edvida ou pend\u00eancia financeira.<\/p>\n<p>2. Finalidade do Tratamento<br \/>Os dados s\u00e3o utilizados exclusivamente para localiza\u00e7\u00e3o, contato, negocia\u00e7\u00e3o e recupera\u00e7\u00e3o de valores devidos por meio de meios legais e \u00e9ticos, bem como para o cumprimento de obriga\u00e7\u00f5es legais e contratuais.<\/p>\n<p>3. Compartilhamento<br \/>A Cobra Cobran\u00e7a n\u00e3o compartilha dados pessoais com terceiros, salvo quando necess\u00e1rio \u00e0 execu\u00e7\u00e3o dos nossos servi\u00e7os, por for\u00e7a de obriga\u00e7\u00e3o legal, ou com o consentimento expresso do titular.<\/p>\n<p>4. Seguran\u00e7a das Informa\u00e7\u00f5es<br \/>Adotamos pr\u00e1ticas seguras de tecnologia da informa\u00e7\u00e3o e controle interno para proteger os dados pessoais contra acessos n\u00e3o autorizados, vazamentos, perdas e altera\u00e7\u00f5es indevidas.<\/p>\n<p>5. Direitos do Titular<br \/>Nos termos da LGPD, voc\u00ea pode solicitar a qualquer momento:<\/p>\n<p>&#8211; Confirma\u00e7\u00e3o da exist\u00eancia de tratamento<\/p>\n<p>&#8211; Acesso aos dados<\/p>\n<p>&#8211; Corre\u00e7\u00e3o de dados incompletos, inexatos ou desatualizados<\/p>\n<p>&#8211; Anonimiza\u00e7\u00e3o ou exclus\u00e3o de dados desnecess\u00e1rios<\/p>\n<p>&#8211; Portabilidade dos dados, entre outros<\/p>\n<p>[\/et_pb_text][\/et_pb_column][\/et_pb_row][\/et_pb_section][et_pb_section fb_built=&#8221;1&#8243; admin_label=&#8221;Hero Section&#8221; _builder_version=&#8221;4.12.1&#8243; use_background_color_gradient=&#8221;on&#8221; background_color_gradient_start=&#8221;#061a35&#8243; background_color_gradient_end=&#8221;#1a222b&#8221; background_color_gradient_direction=&#8221;100deg&#8221; background_image=&#8221;https:\/\/cobracobrancas.com.br\/wp-content\/uploads\/2025\/06\/WhatsApp-Image-2025-06-03-at-10.59.08-1.jpeg&#8221; custom_padding=&#8221;8%||8%|&#8221; locked=&#8221;off&#8221; global_colors_info=&#8221;{}&#8221;][et_pb_row admin_label=&#8221;Hero Area&#8221; _builder_version=&#8221;3.25&#8243; background_size=&#8221;initial&#8221; background_position=&#8221;top_left&#8221; background_repeat=&#8221;repeat&#8221; global_colors_info=&#8221;{}&#8221;][et_pb_column type=&#8221;4_4&#8243; _builder_version=&#8221;3.25&#8243; custom_padding=&#8221;|||&#8221; global_colors_info=&#8221;{}&#8221; custom_padding__hover=&#8221;|||&#8221;][et_pb_cta title=&#8221;N\u00f3s cobramos, voc\u00ea recebe.&#8221; button_url=&#8221;https:\/\/wa.link\/4gmrss&#8221; button_text=&#8221;quero falar com um especialista&#8221; admin_label=&#8221;Hero Text&#8221; _builder_version=&#8221;4.12.1&#8243; header_level=&#8221;h1&#8243; header_font=&#8221;Poppins|600|||||||&#8221; header_font_size=&#8221;48px&#8221; header_line_height=&#8221;1.4em&#8221; body_font=&#8221;Poppins||||||||&#8221; body_font_size=&#8221;18px&#8221; body_line_height=&#8221;1.8em&#8221; use_background_color=&#8221;off&#8221; custom_button=&#8221;on&#8221; button_text_size=&#8221;14px&#8221; button_text_color=&#8221;#2a2a2a&#8221; button_bg_color=&#8221;#ffffff&#8221; button_border_width=&#8221;12px&#8221; button_border_color=&#8221;#ffffff&#8221; button_letter_spacing=&#8221;2px&#8221; button_font=&#8221;Poppins|600||on|||||&#8221; button_icon=&#8221;%%3%%&#8221; max_width=&#8221;700px&#8221; module_alignment=&#8221;center&#8221; animation_style=&#8221;fade&#8221; global_colors_info=&#8221;{}&#8221; button_text_size__hover_enabled=&#8221;off&#8221; button_one_text_size__hover_enabled=&#8221;off&#8221; button_two_text_size__hover_enabled=&#8221;off&#8221; button_text_color__hover_enabled=&#8221;off&#8221; button_one_text_color__hover_enabled=&#8221;off&#8221; button_two_text_color__hover_enabled=&#8221;off&#8221; button_border_width__hover_enabled=&#8221;off&#8221; button_one_border_width__hover_enabled=&#8221;off&#8221; button_two_border_width__hover_enabled=&#8221;off&#8221; button_border_color__hover_enabled=&#8221;off&#8221; button_one_border_color__hover_enabled=&#8221;off&#8221; button_two_border_color__hover_enabled=&#8221;off&#8221; button_border_radius__hover_enabled=&#8221;off&#8221; button_one_border_radius__hover_enabled=&#8221;off&#8221; button_two_border_radius__hover_enabled=&#8221;off&#8221; button_letter_spacing__hover_enabled=&#8221;off&#8221; button_one_letter_spacing__hover_enabled=&#8221;off&#8221; button_two_letter_spacing__hover_enabled=&#8221;off&#8221; button_bg_color__hover_enabled=&#8221;off&#8221; button_one_bg_color__hover_enabled=&#8221;off&#8221; button_two_bg_color__hover_enabled=&#8221;off&#8221;]<\/p>\n<p><span class=\"fontstyle0\">Voc\u00ea ter\u00e1 um parecer claro sobre a viabilidade da recupera\u00e7\u00e3o \u2014 mesmo que o caso j\u00e1 esteja arquivado h\u00e1 anos.<\/span><\/p>\n<p>[\/et_pb_cta][\/et_pb_column][\/et_pb_row][\/et_pb_section][et_pb_section fb_built=&#8221;1&#8243; admin_label=&#8221;Footer Section&#8221; _builder_version=&#8221;4.12.1&#8243; background_color=&#8221;#071c37&#8243; custom_padding=&#8221;2px||11px|||&#8221; global_colors_info=&#8221;{}&#8221;][et_pb_row column_structure=&#8221;1_3,1_3,1_3&#8243; admin_label=&#8221;Footer Area&#8221; _builder_version=&#8221;4.12.1&#8243; global_colors_info=&#8221;{}&#8221;][et_pb_column type=&#8221;1_3&#8243; _builder_version=&#8221;3.25&#8243; custom_padding=&#8221;|||&#8221; global_colors_info=&#8221;{}&#8221; custom_padding__hover=&#8221;|||&#8221;][et_pb_image src=&#8221;https:\/\/cobracobrancas.com.br\/wp-content\/uploads\/2025\/05\/Sem-nome-1080-x-1080-px.png&#8221; title_text=&#8221;Sem nome (1080 x 1080 px)&#8221; _builder_version=&#8221;4.12.1&#8243; _module_preset=&#8221;default&#8221; width=&#8221;80%&#8221; max_width=&#8221;80%&#8221; min_height=&#8221;100px&#8221; global_colors_info=&#8221;{}&#8221;][\/et_pb_image][\/et_pb_column][et_pb_column type=&#8221;1_3&#8243; _builder_version=&#8221;4.12.1&#8243; _module_preset=&#8221;default&#8221; global_colors_info=&#8221;{}&#8221;][et_pb_text admin_label=&#8221;Title&#8221; _builder_version=&#8221;4.12.1&#8243; text_font=&#8221;Poppins||||||||&#8221; text_text_color=&#8221;#FFFFFF&#8221; text_line_height=&#8221;1.8em&#8221; header_font=&#8221;||||||||&#8221; header_text_color=&#8221;#FFFFFF&#8221; header_2_font=&#8221;Poppins|600|||||||&#8221; header_2_text_color=&#8221;#FFFFFF&#8221; header_2_font_size=&#8221;22px&#8221; header_2_line_height=&#8221;1.5em&#8221; custom_margin=&#8221;||20px|&#8221; animation_style=&#8221;fade&#8221; animation_direction=&#8221;top&#8221; animation_starting_opacity=&#8221;100%&#8221; global_colors_info=&#8221;{}&#8221;]<\/p>\n<h2>Endere\u00e7o:<\/h2>\n<p>Rua XV de Novembro, 3171, 7\u00ba Andar \u2013 Sala 73 A \u2013 S.J. do Rio Preto\/SP, Centro CEP: 15015-110 \u2013 Sede Pr\u00f3pria<\/p>\n<p>(17) 99783-8316<br \/>(17) 99733-0964<\/p>\n<p>contato@cobracobranca.com.br<\/p>\n<p>[\/et_pb_text][\/et_pb_column][et_pb_column type=&#8221;1_3&#8243; _builder_version=&#8221;3.25&#8243; custom_padding=&#8221;|||&#8221; global_colors_info=&#8221;{}&#8221; custom_padding__hover=&#8221;|||&#8221;][et_pb_text admin_label=&#8221;Title&#8221; _builder_version=&#8221;4.12.1&#8243; text_font=&#8221;Poppins||||||||&#8221; text_line_height=&#8221;1.8em&#8221; header_font=&#8221;||||||||&#8221; header_2_font=&#8221;Poppins|600|||||||&#8221; header_2_text_color=&#8221;#FFFFFF&#8221; header_2_font_size=&#8221;22px&#8221; header_2_line_height=&#8221;1.5em&#8221; custom_margin=&#8221;||20px|&#8221; animation_style=&#8221;fade&#8221; animation_direction=&#8221;top&#8221; animation_starting_opacity=&#8221;100%&#8221; locked=&#8221;off&#8221; global_colors_info=&#8221;{}&#8221;]<\/p>\n<h2>Siga as nossas redes sociais<\/h2>\n<p>[\/et_pb_text][et_pb_social_media_follow _builder_version=&#8221;4.12.1&#8243; custom_button=&#8221;on&#8221; button_text_color=&#8221;#061b36&#8243; text_orientation=&#8221;center&#8221; global_colors_info=&#8221;{}&#8221;][et_pb_social_media_follow_network social_network=&#8221;instagram&#8221; url=&#8221;https:\/\/www.instagram.com\/cobracobranca\/&#8221; use_icon_font_size=&#8221;on&#8221; icon_font_size=&#8221;22px&#8221; _builder_version=&#8221;4.12.1&#8243; background_color=&#8221;#061b36&#8243; background_enable_color=&#8221;on&#8221; custom_margin=&#8221;|||&#8221; custom_padding=&#8221;6px|6px|6px|6px&#8221; global_colors_info=&#8221;{}&#8221; follow_button=&#8221;off&#8221; url_new_window=&#8221;on&#8221;]instagram[\/et_pb_social_media_follow_network][et_pb_social_media_follow_network social_network=&#8221;facebook&#8221; url=&#8221;https:\/\/www.facebook.com\/profile.php?id=61576690956913&#8243; use_icon_font_size=&#8221;on&#8221; icon_font_size=&#8221;22px&#8221; _builder_version=&#8221;4.12.1&#8243; _module_preset=&#8221;default&#8221; background_color=&#8221;RGBA(0,0,0,0)&#8221; background_enable_color=&#8221;on&#8221; global_colors_info=&#8221;{}&#8221; follow_button=&#8221;off&#8221; url_new_window=&#8221;on&#8221;]facebook[\/et_pb_social_media_follow_network][et_pb_social_media_follow_network social_network=&#8221;youtube&#8221; use_icon_font_size=&#8221;on&#8221; icon_font_size=&#8221;22px&#8221; _builder_version=&#8221;4.12.1&#8243; _module_preset=&#8221;default&#8221; background_color=&#8221;RGBA(0,0,0,0)&#8221; background_enable_color=&#8221;on&#8221; global_colors_info=&#8221;{}&#8221; follow_button=&#8221;off&#8221; url_new_window=&#8221;on&#8221;]youtube[\/et_pb_social_media_follow_network][\/et_pb_social_media_follow][\/et_pb_column][\/et_pb_row][\/et_pb_section]<\/p>\n","protected":false},"excerpt":{"rendered":"<p>Pol\u00edtica de Privacidade e Prote\u00e7\u00e3o de Dados (LGPD)Pol\u00edtica de Privacidade e Prote\u00e7\u00e3o de Dados (LGPD) A Cobra Cobran\u00e7a preza pela privacidade, seguran\u00e7a e transpar\u00eancia no tratamento de dados pessoais. Por isso, estamos comprometidos com a Lei n\u00ba 13.709\/2018 \u2013 Lei Geral de Prote\u00e7\u00e3o de Dados Pessoais (LGPD), assegurando que seus dados sejam utilizados de forma [&hellip;]<\/p>\n","protected":false},"author":1,"featured_media":0,"parent":0,"menu_order":0,"comment_status":"closed","ping_status":"closed","template":"","meta":{"_et_pb_use_builder":"on","_et_pb_old_content":"","_et_gb_content_width":"","footnotes":""},"class_list":["post-778","page","type-page","status-publish","hentry"],"_links":{"self":[{"href":"https:\/\/cobracobrancas.com.br\/index.php?rest_route=\/wp\/v2\/pages\/778","targetHints":{"allow":["GET"]}}],"collection":[{"href":"https:\/\/cobracobrancas.com.br\/index.php?rest_route=\/wp\/v2\/pages"}],"about":[{"href":"https:\/\/cobracobrancas.com.br\/index.php?rest_route=\/wp\/v2\/types\/page"}],"author":[{"embeddable":true,"href":"https:\/\/cobracobrancas.com.br\/index.php?rest_route=\/wp\/v2\/users\/1"}],"replies":[{"embeddable":true,"href":"https:\/\/cobracobrancas.com.br\/index.php?rest_route=%2Fwp%2Fv2%2Fcomments&post=778"}],"version-history":[{"count":12,"href":"https:\/\/cobracobrancas.com.br\/index.php?rest_route=\/wp\/v2\/pages\/778\/revisions"}],"predecessor-version":[{"id":898,"href":"https:\/\/cobracobrancas.com.br\/index.php?rest_route=\/wp\/v2\/pages\/778\/revisions\/898"}],"wp:attachment":[{"href":"https:\/\/cobracobrancas.com.br\/index.php?rest_route=%2Fwp%2Fv2%2Fmedia&parent=778"}],"curies":[{"name":"wp","href":"https:\/\/api.w.org\/{rel}","templated":true}]}}